{"id":4966,"date":"2023-05-17T22:36:26","date_gmt":"2023-05-17T21:36:26","guid":{"rendered":"https:\/\/lachaise.com.tn\/?post_type=product&#038;p=4966"},"modified":"2026-04-17T04:49:38","modified_gmt":"2026-04-17T03:49:38","slug":"panama-bleu","status":"publish","type":"product","link":"https:\/\/lachaise.com.tn\/?product=panama-bleu","title":{"rendered":"Panama Bleu"},"content":{"rendered":"<p><span style=\"font-weight: 400;\">Chaise PANAMA tournant, roulant, avec accoudoirs et r\u00e9glable en hauteur<\/span><\/p>\n<p>&nbsp;<\/p>\n<ul>\n<li aria-level=\"1\"><b>Couleurs : <span style=\"font-weight: 400;\">Sur commande.<\/span><\/b><\/li>\n<li><b>Structure : <\/b><span style=\"font-weight: 400;\">Assise en MDF stratifi\u00e9 \u00e9paisseur 18mm dossier en m\u00e9tal.<\/span><\/li>\n<li><b>Accoudoirs : <\/b><span style=\"font-weight: 400;\">fixe en PVC Noir.<\/span><\/li>\n<li><b>Rev\u00eatement : <\/b><span style=\"font-weight: 400;\">Textile en filet mesh polyester perfor\u00e9 ou similicuir.<\/span><\/li>\n<li aria-level=\"1\"><b>Garnissage assise : <\/b><span style=\"font-weight: 400;\">Double couche de mousse polyur\u00e9thane (densit\u00e9 26kg\/m3) et Magic 35kg\/m3.<\/span><\/li>\n<li><b>Pi\u00e8tement (base): <\/b><span style=\"font-weight: 400;\">m\u00e9tal finition chrom\u00e9e ou PVC nylon selon choix<\/span><\/li>\n<li aria-level=\"1\"><b>M\u00e9canisme :<\/b><span style=\"font-weight: 400;\"> Simple ou \u00e0 double commande blocable en plusieurs positions selon choix.<\/span><\/li>\n<li><b>V\u00e9rin \u00e0 gaz :<span style=\"font-weight: 400;\">D100 (243-386mm) \/ D140(293-418mm)<\/span><\/b><span style=\"font-weight: 400;\">\u00a0noir avec cache v\u00e9rin PVC t\u00e9lescopique ou chrom\u00e9e selon choix.<\/span><\/li>\n<li aria-level=\"1\"><b>Dimension assise : <\/b>50&#215;46,5cm<\/li>\n<li aria-level=\"1\"><b>Dimension dossier : <\/b>64,5x45cm<\/li>\n<li><label class=\"wapf-input-label\" for=\"43794\"><\/label>\n<div class=\"wapf-field-input\">\n<div class=\"wapf-radios\"><\/div>\n<\/div>\n<\/li>\n<\/ul>\n<p>&nbsp;<\/p>\n<p>&nbsp;<\/p>\n<p>&nbsp;<\/p>\n<h1><span style=\"color: #ff0000;\"><b>Pi\u00e8ces de rechanges :<\/b><\/span><\/h1>\n<p><b>\u00a0 <a href=\"https:\/\/lachaise.com.tn\/?product=verin-a-gaz-chaise\"><img decoding=\"async\" class=\"alignnone wp-image-2403 size-thumbnail\" src=\"https:\/\/lachaise.com.tn\/wp-content\/uploads\/2021\/03\/Heavy-11-Pneumatic-Rod-Gas-Lift-Cylinder-Chair-Replacement-Accessories-Pneumatic-Parts-For-Office-Bar-Computer.jpg_q50-150x150.jpg\" alt=\"\" width=\"150\" height=\"150\" srcset=\"https:\/\/lachaise.com.tn\/wp-content\/uploads\/2021\/03\/Heavy-11-Pneumatic-Rod-Gas-Lift-Cylinder-Chair-Replacement-Accessories-Pneumatic-Parts-For-Office-Bar-Computer.jpg_q50-150x150.jpg 150w, https:\/\/lachaise.com.tn\/wp-content\/uploads\/2021\/03\/Heavy-11-Pneumatic-Rod-Gas-Lift-Cylinder-Chair-Replacement-Accessories-Pneumatic-Parts-For-Office-Bar-Computer.jpg_q50-300x300.jpg 300w, https:\/\/lachaise.com.tn\/wp-content\/uploads\/2021\/03\/Heavy-11-Pneumatic-Rod-Gas-Lift-Cylinder-Chair-Replacement-Accessories-Pneumatic-Parts-For-Office-Bar-Computer.jpg_q50-768x768.jpg 768w, https:\/\/lachaise.com.tn\/wp-content\/uploads\/2021\/03\/Heavy-11-Pneumatic-Rod-Gas-Lift-Cylinder-Chair-Replacement-Accessories-Pneumatic-Parts-For-Office-Bar-Computer.jpg_q50-600x600.jpg 600w, https:\/\/lachaise.com.tn\/wp-content\/uploads\/2021\/03\/Heavy-11-Pneumatic-Rod-Gas-Lift-Cylinder-Chair-Replacement-Accessories-Pneumatic-Parts-For-Office-Bar-Computer.jpg_q50-100x100.jpg 100w, https:\/\/lachaise.com.tn\/wp-content\/uploads\/2021\/03\/Heavy-11-Pneumatic-Rod-Gas-Lift-Cylinder-Chair-Replacement-Accessories-Pneumatic-Parts-For-Office-Bar-Computer.jpg_q50.jpg 1000w\" sizes=\"(max-width: 150px) 100vw, 150px\" \/><\/a><a href=\"https:\/\/lachaise.com.tn\/?product=mecanisme-basculant-15x22\"><img decoding=\"async\" class=\"alignnone wp-image-2456 size-thumbnail\" src=\"https:\/\/lachaise.com.tn\/wp-content\/uploads\/2021\/03\/LaChaise.com_.tn-Mecanisme-Basculant-Simple-150x150.jpg\" alt=\"\" width=\"150\" height=\"150\" srcset=\"https:\/\/lachaise.com.tn\/wp-content\/uploads\/2021\/03\/LaChaise.com_.tn-Mecanisme-Basculant-Simple-150x150.jpg 150w, https:\/\/lachaise.com.tn\/wp-content\/uploads\/2021\/03\/LaChaise.com_.tn-Mecanisme-Basculant-Simple-300x300.jpg 300w, https:\/\/lachaise.com.tn\/wp-content\/uploads\/2021\/03\/LaChaise.com_.tn-Mecanisme-Basculant-Simple-100x100.jpg 100w, https:\/\/lachaise.com.tn\/wp-content\/uploads\/2021\/03\/LaChaise.com_.tn-Mecanisme-Basculant-Simple.jpg 450w\" sizes=\"(max-width: 150px) 100vw, 150px\" \/><\/a><a href=\"https:\/\/lachaise.com.tn\/?product=base-fauteuil\"><img decoding=\"async\" class=\"alignnone wp-image-2600 size-thumbnail\" src=\"https:\/\/lachaise.com.tn\/wp-content\/uploads\/2021\/03\/base-noir-Fauteuil-150x150.png\" alt=\"\" width=\"150\" height=\"150\" srcset=\"https:\/\/lachaise.com.tn\/wp-content\/uploads\/2021\/03\/base-noir-Fauteuil-150x150.png 150w, https:\/\/lachaise.com.tn\/wp-content\/uploads\/2021\/03\/base-noir-Fauteuil-300x300.png 300w, https:\/\/lachaise.com.tn\/wp-content\/uploads\/2021\/03\/base-noir-Fauteuil-600x600.png 600w, https:\/\/lachaise.com.tn\/wp-content\/uploads\/2021\/03\/base-noir-Fauteuil-100x100.png 100w, https:\/\/lachaise.com.tn\/wp-content\/uploads\/2021\/03\/base-noir-Fauteuil-64x64.png 64w, https:\/\/lachaise.com.tn\/wp-content\/uploads\/2021\/03\/base-noir-Fauteuil.png 735w\" sizes=\"(max-width: 150px) 100vw, 150px\" \/><\/a><a href=\"https:\/\/lachaise.com.tn\/?product=pack-5-roulettes\"><img loading=\"lazy\" decoding=\"async\" class=\"alignnone wp-image-2943 size-thumbnail\" src=\"https:\/\/lachaise.com.tn\/wp-content\/uploads\/2021\/03\/LaChaise.com_.tn-Pack-5-Roulettes-150x150.jpg\" alt=\"\" width=\"150\" height=\"150\" srcset=\"https:\/\/lachaise.com.tn\/wp-content\/uploads\/2021\/03\/LaChaise.com_.tn-Pack-5-Roulettes-150x150.jpg 150w, https:\/\/lachaise.com.tn\/wp-content\/uploads\/2021\/03\/LaChaise.com_.tn-Pack-5-Roulettes-300x300.jpg 300w, https:\/\/lachaise.com.tn\/wp-content\/uploads\/2021\/03\/LaChaise.com_.tn-Pack-5-Roulettes-100x100.jpg 100w\" sizes=\"(max-width: 150px) 100vw, 150px\" \/><\/a><\/b><\/p>\n<p>&nbsp;<\/p>\n<p><a href=\"https:\/\/lachaise.com.tn\/wp-content\/uploads\/2021\/05\/nos-conseils-weser.png\"><img loading=\"lazy\" decoding=\"async\" class=\"alignnone wp-image-3964 size-medium\" src=\"https:\/\/lachaise.com.tn\/wp-content\/uploads\/2021\/05\/nos-conseils-weser-300x150.png\" alt=\"\" width=\"300\" height=\"150\" srcset=\"https:\/\/lachaise.com.tn\/wp-content\/uploads\/2021\/05\/nos-conseils-weser-300x150.png 300w, https:\/\/lachaise.com.tn\/wp-content\/uploads\/2021\/05\/nos-conseils-weser.png 600w\" sizes=\"(max-width: 300px) 100vw, 300px\" \/><\/a><\/p>\n<ul>\n<li>Le basculement excessive du fauteuil risque de casser les accoudoirs, repose t\u00eate, v\u00e9rin \u00e0 gaz et m\u00e9canisme.<\/li>\n<li>Un serrage peut \u00eatre n\u00e9cessaire des diff\u00e9rentes parties du fauteuil suite au dilatation ou d\u00e9formation apr\u00e8s utilisation.<\/li>\n<li>Une lubrification du m\u00e9canisme et de l&rsquo;axe du v\u00e9rin assure le bon fonctionnement et \u00e9limine les bruits.<\/li>\n<li>L&rsquo;humidit\u00e9 et les rayons de soleil d\u00e9grade rapidement le fauteuil.<\/li>\n<li>Pour plus de conseils appelez <strong>20603604<\/strong><\/li>\n<\/ul>\n","protected":false},"excerpt":{"rendered":"<p>Chaise PANAMA tournant, roulant, avec accoudoirs et r\u00e9glable en hauteur &nbsp; Couleurs : Sur commande. Structure : Assise en MDF stratifi\u00e9 \u00e9paisseur 18mm dossier en m\u00e9tal. Accoudoirs : fixe en PVC Noir. Rev\u00eatement : Textile en filet mesh polyester perfor\u00e9 ou similicuir. Garnissage assise : Double couche de mousse polyur\u00e9thane (densit\u00e9 26kg\/m3) et Magic 35kg\/m3. &hellip;<\/p>\n<p class=\"read-more\"> <a class=\"\" href=\"https:\/\/lachaise.com.tn\/?product=panama-bleu\"> <span class=\"screen-reader-text\">Panama Bleu<\/span> Lire la suite\u00a0\u00bb<\/a><\/p>\n","protected":false},"featured_media":4970,"comment_status":"open","ping_status":"closed","template":"","meta":[],"product_brand":[],"product_cat":[88],"product_tag":[],"class_list":{"0":"post-4966","1":"product","2":"type-product","3":"status-publish","4":"has-post-thumbnail","6":"product_cat-chaises","7":"pa_base-base-acier-chromee","8":"pa_base-base-pvc-noir","10":"first","11":"instock","12":"taxable","13":"shipping-taxable","14":"purchasable","15":"product-type-variable","16":"has-default-attributes"},"wooqr_code":"","jetpack_sharing_enabled":true,"_links":{"self":[{"href":"https:\/\/lachaise.com.tn\/index.php?rest_route=\/wp\/v2\/product\/4966","targetHints":{"allow":["GET"]}}],"collection":[{"href":"https:\/\/lachaise.com.tn\/index.php?rest_route=\/wp\/v2\/product"}],"about":[{"href":"https:\/\/lachaise.com.tn\/index.php?rest_route=\/wp\/v2\/types\/product"}],"replies":[{"embeddable":true,"href":"https:\/\/lachaise.com.tn\/index.php?rest_route=%2Fwp%2Fv2%2Fcomments&post=4966"}],"version-history":[{"count":3,"href":"https:\/\/lachaise.com.tn\/index.php?rest_route=\/wp\/v2\/product\/4966\/revisions"}],"predecessor-version":[{"id":5356,"href":"https:\/\/lachaise.com.tn\/index.php?rest_route=\/wp\/v2\/product\/4966\/revisions\/5356"}],"wp:featuredmedia":[{"embeddable":true,"href":"https:\/\/lachaise.com.tn\/index.php?rest_route=\/wp\/v2\/media\/4970"}],"wp:attachment":[{"href":"https:\/\/lachaise.com.tn\/index.php?rest_route=%2Fwp%2Fv2%2Fmedia&parent=4966"}],"wp:term":[{"taxonomy":"product_brand","embeddable":true,"href":"https:\/\/lachaise.com.tn\/index.php?rest_route=%2Fwp%2Fv2%2Fproduct_brand&post=4966"},{"taxonomy":"product_cat","embeddable":true,"href":"https:\/\/lachaise.com.tn\/index.php?rest_route=%2Fwp%2Fv2%2Fproduct_cat&post=4966"},{"taxonomy":"product_tag","embeddable":true,"href":"https:\/\/lachaise.com.tn\/index.php?rest_route=%2Fwp%2Fv2%2Fproduct_tag&post=4966"}],"curies":[{"name":"wp","href":"https:\/\/api.w.org\/{rel}","templated":true}]}}