{"id":2622,"date":"2021-03-25T21:26:52","date_gmt":"2021-03-25T20:26:52","guid":{"rendered":"https:\/\/lachaise.com.tn\/?post_type=product&#038;p=2622"},"modified":"2026-03-21T00:09:55","modified_gmt":"2026-03-20T23:09:55","slug":"platinium","status":"publish","type":"product","link":"https:\/\/lachaise.com.tn\/?product=platinium","title":{"rendered":"Platinium"},"content":{"rendered":"<p><span style=\"font-weight: 400;\">Fauteuil agent mod\u00e8le PLATINIUM en Mesh tournant, roulant, basculant, avec accoudoirs et r\u00e9glable en hauteur<\/span><\/p>\n<p>&nbsp;<\/p>\n<ul>\n<li aria-level=\"1\"><b>Couleurs standard : <\/b><span style=\"font-weight: 400;\">Noir Gris Rouge Bleu Vert<\/span><\/li>\n<li><b>Structure : <\/b><span style=\"font-weight: 400;\">En bloc PVC blanc et bois contre plaqu\u00e9.<\/span><\/li>\n<li><b>Accoudoirs : <\/b><span style=\"font-weight: 400;\">fixe en PVC Noir.<\/span><\/li>\n<li aria-level=\"1\"><b>Repose-t\u00eate : <\/b><span style=\"font-weight: 400;\">r\u00e9glable en hauteur.<\/span><\/li>\n<li><b>Rev\u00eatement : <\/b><span style=\"font-weight: 400;\">textile en filet mesh polyester perfor\u00e9.<\/span><\/li>\n<li aria-level=\"1\"><b>Garnissage assise : <\/b><span style=\"font-weight: 400;\">mousse polyur\u00e9thane (densit\u00e9 24kg\/m3).<\/span><\/li>\n<li><b>Pi\u00e8tement (base): <\/b><span style=\"font-weight: 400;\">m\u00e9tal finition chrom\u00e9e ou PVC nylon selon choix<\/span><\/li>\n<li aria-level=\"1\"><b>M\u00e9canisme :<\/b><span style=\"font-weight: 400;\"> basculant centr\u00e9 simple ou \u00e0 double commande blocable en plusieurs positions selon choix.<\/span><\/li>\n<li><b>V\u00e9rin \u00e0 gaz :<span style=\"font-weight: 400;\">18cm (243-386mm) \/ 23cm(293-418mm)<\/span><\/b><span style=\"font-weight: 400;\">\u00a0noir avec cache v\u00e9rin PVC t\u00e9lescopique ou chrom\u00e9e selon choix.<\/span><\/li>\n<li aria-level=\"1\"><b>Poids max : <\/b><span style=\"font-weight: 400;\">90kg<\/span><\/li>\n<li aria-level=\"1\"><b>Hauteur : <\/b><span style=\"font-weight: 400;\">100 cm \u00e0 115 cm<\/span><\/li>\n<li aria-level=\"1\"><b>Dimension assise : <\/b>50&#215;46,5cm<\/li>\n<li aria-level=\"1\"><b>Dimension dossier : <\/b>64,5x45cm<\/li>\n<li><strong><strong>Hauteur assise :\u00a0 <\/strong><span style=\"color: #008000;\">position basse<\/span><strong> \/ <span style=\"color: #ff0000;\">position haute<\/span>\u00a0<\/strong><\/strong>\n<div class=\"wapf-field-input\">\n<div class=\"wapf-radios\">\n<div class=\"wapf-checkable\"><label class=\"wapf-input-label\" for=\"14602\"><input id=\"14602\" class=\"wapf-input\" checked=\"checked\" name=\"wapf[field_60cf54765bfe2]\" type=\"radio\" value=\"c2k66\" data-field-id=\"60cf54765bfe2\" \/><span class=\"wapf-label-text\">Base Noir\u00a0 \u00a0 \u00a0 \u00a0 \u00a0 &amp; V\u00e9rin Chaise (<strong><span style=\"color: #008000;\">55<\/span><\/strong>\/<strong><span style=\"color: #ff0000;\">69<\/span><\/strong>cm)<\/span><\/label><\/div>\n<div class=\"wapf-checkable wapf-checked\"><label class=\"wapf-input-label\" for=\"87846\"><input id=\"87846\" class=\"wapf-input\" name=\"wapf[field_60cf54765bfe2]\" type=\"radio\" value=\"h4lhg\" data-field-id=\"60cf54765bfe2\" \/><span class=\"wapf-label-text\">Base Noir\u00a0 \u00a0 \u00a0 \u00a0 \u00a0 &amp; V\u00e9rin Fauteuil (<strong><span style=\"color: #008000;\">50<\/span><\/strong>\/<strong><span style=\"color: #ff0000;\">60<\/span><\/strong>cm)<\/span><\/label><\/div>\n<div class=\"wapf-checkable\"><label class=\"wapf-input-label\" for=\"74545\"><input id=\"74545\" class=\"wapf-input\" name=\"wapf[field_60cf54765bfe2]\" type=\"radio\" value=\"6wzer\" data-field-id=\"60cf54765bfe2\" \/><span class=\"wapf-label-text\">Base Chrom\u00e9e &amp; V\u00e9rin Fauteuil Noir ( <strong><span style=\"color: #008000;\">48<\/span><\/strong>\/<strong><span style=\"color: #ff0000;\">58<\/span><\/strong>cm)<\/span><\/label><\/div>\n<div class=\"wapf-checkable\"><label class=\"wapf-input-label\" for=\"51162\"><input id=\"51162\" class=\"wapf-input\" name=\"wapf[field_60cf54765bfe2]\" type=\"radio\" value=\"8xwua\" data-field-id=\"60cf54765bfe2\" \/><span class=\"wapf-label-text\">Base Chrom\u00e9e &amp; V\u00e9rin Chaise Noir ( <strong><span style=\"color: #008000;\">52<\/span><\/strong>\/<strong><span style=\"color: #ff0000;\">66<\/span><\/strong>cm)<\/span><\/label><\/div>\n<div class=\"wapf-checkable\"><label class=\"wapf-input-label\" for=\"35098\"><input id=\"35098\" class=\"wapf-input\" name=\"wapf[field_60cf54765bfe2]\" type=\"radio\" value=\"4igxu\" data-field-id=\"60cf54765bfe2\" \/><span class=\"wapf-label-text\">Base Chrom\u00e9e &amp; V\u00e9rin Chaise Chrom\u00e9 ( <strong><span style=\"color: #008000;\">52<\/span><\/strong>\/<strong><span style=\"color: #ff0000;\">66<\/span><\/strong>cm)<\/span><\/label><\/div>\n<div class=\"wapf-checkable\"><label class=\"wapf-input-label\" for=\"43794\"><input id=\"43794\" class=\"wapf-input\" name=\"wapf[field_60cf54765bfe2]\" type=\"radio\" value=\"oshnv\" data-field-id=\"60cf54765bfe2\" \/><span class=\"wapf-label-text\">Base Chrom\u00e9e &amp; V\u00e9rin Fauteuil Chrom\u00e9 (<strong><span style=\"color: #008000;\">45<\/span><\/strong>\/<strong><span style=\"color: #ff0000;\">55<\/span><\/strong>cm)<\/span><\/label><\/div>\n<div><a href=\"https:\/\/lachaise.com.tn\/wp-content\/uploads\/2021\/03\/warning-attention-sign-exclamation-mark-260nw-1426214597.jpg\"><img decoding=\"async\" class=\"alignnone size-full wp-image-4038\" src=\"https:\/\/lachaise.com.tn\/wp-content\/uploads\/2021\/03\/warning-attention-sign-exclamation-mark-260nw-1426214597.jpg\" alt=\"\" width=\"60\" height=\"64\" \/><\/a> Si le v\u00e9rin est \u00e0 sa position haute, sa vitesse de d\u00e9gradation sera plus rapide. Si vous \u00eates en surpoids, votre hauteur sup\u00e9rieure \u00e0 175cm ou vous pr\u00e9f\u00e9rer que la chaise soit toujours dans sa position haute : Choisissez le V\u00e9rin Chaise <b><span style=\"font-weight: 400;\">23cm(293-418mm)<\/span><\/b><\/div>\n<\/div>\n<div><a href=\"https:\/\/lachaise.com.tn\/wp-content\/uploads\/2021\/03\/Platinium.png\"><img fetchpriority=\"high\" decoding=\"async\" class=\"alignnone size-large wp-image-4212\" src=\"https:\/\/lachaise.com.tn\/wp-content\/uploads\/2021\/03\/Platinium-576x1024.png\" alt=\"\" width=\"576\" height=\"1024\" srcset=\"https:\/\/lachaise.com.tn\/wp-content\/uploads\/2021\/03\/Platinium-576x1024.png 576w, https:\/\/lachaise.com.tn\/wp-content\/uploads\/2021\/03\/Platinium-169x300.png 169w, https:\/\/lachaise.com.tn\/wp-content\/uploads\/2021\/03\/Platinium-768x1366.png 768w, https:\/\/lachaise.com.tn\/wp-content\/uploads\/2021\/03\/Platinium-864x1536.png 864w, https:\/\/lachaise.com.tn\/wp-content\/uploads\/2021\/03\/Platinium-600x1067.png 600w, https:\/\/lachaise.com.tn\/wp-content\/uploads\/2021\/03\/Platinium.png 1006w\" sizes=\"(max-width: 576px) 100vw, 576px\" \/><\/a><\/div>\n<\/div>\n<\/li>\n<\/ul>\n<p>&nbsp;<\/p>\n<p>&nbsp;<\/p>\n<p>&nbsp;<\/p>\n<h1><span style=\"color: #ff0000;\"><b>Pi\u00e8ces de rechanges :<\/b><\/span><\/h1>\n<p><b>\u00a0 <a href=\"https:\/\/lachaise.com.tn\/?product=verin-a-gaz-chaise\"><img decoding=\"async\" class=\"alignnone wp-image-2403 size-thumbnail\" src=\"https:\/\/lachaise.com.tn\/wp-content\/uploads\/2021\/03\/Heavy-11-Pneumatic-Rod-Gas-Lift-Cylinder-Chair-Replacement-Accessories-Pneumatic-Parts-For-Office-Bar-Computer.jpg_q50-150x150.jpg\" alt=\"\" width=\"150\" height=\"150\" srcset=\"https:\/\/lachaise.com.tn\/wp-content\/uploads\/2021\/03\/Heavy-11-Pneumatic-Rod-Gas-Lift-Cylinder-Chair-Replacement-Accessories-Pneumatic-Parts-For-Office-Bar-Computer.jpg_q50-150x150.jpg 150w, https:\/\/lachaise.com.tn\/wp-content\/uploads\/2021\/03\/Heavy-11-Pneumatic-Rod-Gas-Lift-Cylinder-Chair-Replacement-Accessories-Pneumatic-Parts-For-Office-Bar-Computer.jpg_q50-300x300.jpg 300w, https:\/\/lachaise.com.tn\/wp-content\/uploads\/2021\/03\/Heavy-11-Pneumatic-Rod-Gas-Lift-Cylinder-Chair-Replacement-Accessories-Pneumatic-Parts-For-Office-Bar-Computer.jpg_q50-768x768.jpg 768w, https:\/\/lachaise.com.tn\/wp-content\/uploads\/2021\/03\/Heavy-11-Pneumatic-Rod-Gas-Lift-Cylinder-Chair-Replacement-Accessories-Pneumatic-Parts-For-Office-Bar-Computer.jpg_q50-600x600.jpg 600w, https:\/\/lachaise.com.tn\/wp-content\/uploads\/2021\/03\/Heavy-11-Pneumatic-Rod-Gas-Lift-Cylinder-Chair-Replacement-Accessories-Pneumatic-Parts-For-Office-Bar-Computer.jpg_q50-100x100.jpg 100w, https:\/\/lachaise.com.tn\/wp-content\/uploads\/2021\/03\/Heavy-11-Pneumatic-Rod-Gas-Lift-Cylinder-Chair-Replacement-Accessories-Pneumatic-Parts-For-Office-Bar-Computer.jpg_q50.jpg 1000w\" sizes=\"(max-width: 150px) 100vw, 150px\" \/><\/a><a href=\"https:\/\/lachaise.com.tn\/?product=mecanisme-basculant-15x22\"><img loading=\"lazy\" decoding=\"async\" class=\"alignnone wp-image-2456 size-thumbnail\" src=\"https:\/\/lachaise.com.tn\/wp-content\/uploads\/2021\/03\/LaChaise.com_.tn-Mecanisme-Basculant-Simple-150x150.jpg\" alt=\"\" width=\"150\" height=\"150\" srcset=\"https:\/\/lachaise.com.tn\/wp-content\/uploads\/2021\/03\/LaChaise.com_.tn-Mecanisme-Basculant-Simple-150x150.jpg 150w, https:\/\/lachaise.com.tn\/wp-content\/uploads\/2021\/03\/LaChaise.com_.tn-Mecanisme-Basculant-Simple-300x300.jpg 300w, https:\/\/lachaise.com.tn\/wp-content\/uploads\/2021\/03\/LaChaise.com_.tn-Mecanisme-Basculant-Simple-100x100.jpg 100w, https:\/\/lachaise.com.tn\/wp-content\/uploads\/2021\/03\/LaChaise.com_.tn-Mecanisme-Basculant-Simple.jpg 450w\" sizes=\"(max-width: 150px) 100vw, 150px\" \/><\/a><a href=\"https:\/\/lachaise.com.tn\/?product=base-fauteuil\"><img loading=\"lazy\" decoding=\"async\" class=\"alignnone wp-image-2600 size-thumbnail\" src=\"https:\/\/lachaise.com.tn\/wp-content\/uploads\/2021\/03\/base-noir-Fauteuil-150x150.png\" alt=\"\" width=\"150\" height=\"150\" srcset=\"https:\/\/lachaise.com.tn\/wp-content\/uploads\/2021\/03\/base-noir-Fauteuil-150x150.png 150w, https:\/\/lachaise.com.tn\/wp-content\/uploads\/2021\/03\/base-noir-Fauteuil-300x300.png 300w, https:\/\/lachaise.com.tn\/wp-content\/uploads\/2021\/03\/base-noir-Fauteuil-600x600.png 600w, https:\/\/lachaise.com.tn\/wp-content\/uploads\/2021\/03\/base-noir-Fauteuil-100x100.png 100w, https:\/\/lachaise.com.tn\/wp-content\/uploads\/2021\/03\/base-noir-Fauteuil-64x64.png 64w, https:\/\/lachaise.com.tn\/wp-content\/uploads\/2021\/03\/base-noir-Fauteuil.png 735w\" sizes=\"(max-width: 150px) 100vw, 150px\" \/><\/a><a href=\"https:\/\/lachaise.com.tn\/?product=pack-5-roulettes\"><img loading=\"lazy\" decoding=\"async\" class=\"alignnone wp-image-2943 size-thumbnail\" src=\"https:\/\/lachaise.com.tn\/wp-content\/uploads\/2021\/03\/LaChaise.com_.tn-Pack-5-Roulettes-150x150.jpg\" alt=\"\" width=\"150\" height=\"150\" srcset=\"https:\/\/lachaise.com.tn\/wp-content\/uploads\/2021\/03\/LaChaise.com_.tn-Pack-5-Roulettes-150x150.jpg 150w, https:\/\/lachaise.com.tn\/wp-content\/uploads\/2021\/03\/LaChaise.com_.tn-Pack-5-Roulettes-300x300.jpg 300w, https:\/\/lachaise.com.tn\/wp-content\/uploads\/2021\/03\/LaChaise.com_.tn-Pack-5-Roulettes-100x100.jpg 100w\" sizes=\"(max-width: 150px) 100vw, 150px\" \/><\/a><\/b><\/p>\n<p>&nbsp;<\/p>\n<p><a href=\"https:\/\/lachaise.com.tn\/wp-content\/uploads\/2021\/05\/nos-conseils-weser.png\"><img loading=\"lazy\" decoding=\"async\" class=\"alignnone wp-image-3964 size-medium\" src=\"https:\/\/lachaise.com.tn\/wp-content\/uploads\/2021\/05\/nos-conseils-weser-300x150.png\" alt=\"\" width=\"300\" height=\"150\" srcset=\"https:\/\/lachaise.com.tn\/wp-content\/uploads\/2021\/05\/nos-conseils-weser-300x150.png 300w, https:\/\/lachaise.com.tn\/wp-content\/uploads\/2021\/05\/nos-conseils-weser.png 600w\" sizes=\"(max-width: 300px) 100vw, 300px\" \/><\/a><\/p>\n<ul>\n<li>Le basculement excessive du fauteuil risque de casser les accoudoirs, repose t\u00eate, v\u00e9rin \u00e0 gaz et m\u00e9canisme.<\/li>\n<li>Un serrage est n\u00e9cessaire des diff\u00e9rentes parties du fauteuil suite au dilatation ou d\u00e9formation apr\u00e8s utilisation.<\/li>\n<li>Une lubrification du m\u00e9canisme et de l&rsquo;axe du v\u00e9rin assure le bon fonctionnement et \u00e9limine les bruits.<\/li>\n<li>L&rsquo;humidit\u00e9 et les rayons de soleil d\u00e9grade rapidement le fauteuil.<\/li>\n<li>Pour plus de conseils appelez <strong>20603604<\/strong><\/li>\n<\/ul>\n<p><a href=\"https:\/\/lachaise.com.tn\/wp-content\/uploads\/2021\/03\/LaChaise.com_.tn_Platinium-Dimensions_v1.jpg\"><img loading=\"lazy\" decoding=\"async\" class=\"alignnone wp-image-4062 size-medium\" src=\"https:\/\/lachaise.com.tn\/wp-content\/uploads\/2021\/03\/LaChaise.com_.tn_Platinium-Dimensions_v1-162x300.jpg\" alt=\"\" width=\"162\" height=\"300\" srcset=\"https:\/\/lachaise.com.tn\/wp-content\/uploads\/2021\/03\/LaChaise.com_.tn_Platinium-Dimensions_v1-162x300.jpg 162w, https:\/\/lachaise.com.tn\/wp-content\/uploads\/2021\/03\/LaChaise.com_.tn_Platinium-Dimensions_v1-552x1024.jpg 552w, https:\/\/lachaise.com.tn\/wp-content\/uploads\/2021\/03\/LaChaise.com_.tn_Platinium-Dimensions_v1-600x1113.jpg 600w, https:\/\/lachaise.com.tn\/wp-content\/uploads\/2021\/03\/LaChaise.com_.tn_Platinium-Dimensions_v1.jpg 724w\" sizes=\"(max-width: 162px) 100vw, 162px\" \/> \u00a0<\/a><a href=\"https:\/\/lachaise.com.tn\/wp-content\/uploads\/2021\/03\/LaChaise.com_.tn_Platinium_tilt_v1.jpg\"><img loading=\"lazy\" decoding=\"async\" class=\"alignnone wp-image-4063 size-medium\" src=\"https:\/\/lachaise.com.tn\/wp-content\/uploads\/2021\/03\/LaChaise.com_.tn_Platinium_tilt_v1-219x300.jpg\" alt=\"\" width=\"219\" height=\"300\" srcset=\"https:\/\/lachaise.com.tn\/wp-content\/uploads\/2021\/03\/LaChaise.com_.tn_Platinium_tilt_v1-219x300.jpg 219w, https:\/\/lachaise.com.tn\/wp-content\/uploads\/2021\/03\/LaChaise.com_.tn_Platinium_tilt_v1.jpg 467w\" sizes=\"(max-width: 219px) 100vw, 219px\" \/><\/a><a href=\"https:\/\/lachaise.com.tn\/wp-content\/uploads\/2021\/03\/LaChaise.com_.tn_Platinium-Dimensions_v1_Repose-tete-reglable.jpg\">\u00a0\u00a0<\/a><a href=\"https:\/\/lachaise.com.tn\/wp-content\/uploads\/2021\/03\/LaChaise.com_.tn_Platinium-Dimensions_v1_Repose-tete-reglable.jpg\"><img loading=\"lazy\" decoding=\"async\" class=\"alignnone wp-image-4064\" src=\"https:\/\/lachaise.com.tn\/wp-content\/uploads\/2021\/03\/LaChaise.com_.tn_Platinium-Dimensions_v1_Repose-tete-reglable-300x274.jpg\" alt=\"\" width=\"329\" height=\"300\" srcset=\"https:\/\/lachaise.com.tn\/wp-content\/uploads\/2021\/03\/LaChaise.com_.tn_Platinium-Dimensions_v1_Repose-tete-reglable-300x274.jpg 300w, https:\/\/lachaise.com.tn\/wp-content\/uploads\/2021\/03\/LaChaise.com_.tn_Platinium-Dimensions_v1_Repose-tete-reglable-1024x934.jpg 1024w, https:\/\/lachaise.com.tn\/wp-content\/uploads\/2021\/03\/LaChaise.com_.tn_Platinium-Dimensions_v1_Repose-tete-reglable-768x701.jpg 768w, https:\/\/lachaise.com.tn\/wp-content\/uploads\/2021\/03\/LaChaise.com_.tn_Platinium-Dimensions_v1_Repose-tete-reglable-1536x1402.jpg 1536w, https:\/\/lachaise.com.tn\/wp-content\/uploads\/2021\/03\/LaChaise.com_.tn_Platinium-Dimensions_v1_Repose-tete-reglable-600x548.jpg 600w, https:\/\/lachaise.com.tn\/wp-content\/uploads\/2021\/03\/LaChaise.com_.tn_Platinium-Dimensions_v1_Repose-tete-reglable.jpg 1784w\" sizes=\"(max-width: 329px) 100vw, 329px\" \/><\/a><a href=\"https:\/\/lachaise.com.tn\/wp-content\/uploads\/2021\/03\/LaChaise.com_.tn_mecanisme-basculant.png\"> \u00a0<img loading=\"lazy\" decoding=\"async\" class=\"alignnone wp-image-4065\" src=\"https:\/\/lachaise.com.tn\/wp-content\/uploads\/2021\/03\/LaChaise.com_.tn_mecanisme-basculant-300x292.png\" alt=\"\" width=\"308\" height=\"300\" srcset=\"https:\/\/lachaise.com.tn\/wp-content\/uploads\/2021\/03\/LaChaise.com_.tn_mecanisme-basculant-300x292.png 300w, https:\/\/lachaise.com.tn\/wp-content\/uploads\/2021\/03\/LaChaise.com_.tn_mecanisme-basculant-600x584.png 600w, https:\/\/lachaise.com.tn\/wp-content\/uploads\/2021\/03\/LaChaise.com_.tn_mecanisme-basculant.png 667w\" sizes=\"(max-width: 308px) 100vw, 308px\" \/><\/a><\/p>\n<p>&nbsp;<\/p>\n<p>&nbsp;<\/p>\n<p>&nbsp;<\/p>\n<p>&nbsp;<\/p>\n<p>&nbsp;<\/p>\n<p>&nbsp;<\/p>\n","protected":false},"excerpt":{"rendered":"<p><span style=\"font-weight: 400;\">Fauteuil agent mod\u00e8le PLATINIUM en Mesh tournant, roulant, basculant, avec accoudoirs et repose t\u00eate r\u00e9glable en hauteur.<\/span><\/p>\n","protected":false},"featured_media":3096,"comment_status":"open","ping_status":"closed","template":"","meta":[],"product_brand":[],"product_cat":[92],"product_tag":[130,143,131],"class_list":{"0":"post-2622","1":"product","2":"type-product","3":"status-publish","4":"has-post-thumbnail","6":"product_cat-fauteuils-agent","7":"product_tag-accoudoirs","8":"product_tag-mecanisme-basculant","9":"product_tag-mesh","10":"product_shipping_class-chaises","11":"pa_base-base-acier-chromee","12":"pa_base-base-pvc-noir","14":"first","15":"instock","16":"taxable","17":"shipping-taxable","18":"purchasable","19":"product-type-variable","20":"has-default-attributes"},"wooqr_code":"1616702956_2622.png","jetpack_sharing_enabled":true,"_links":{"self":[{"href":"https:\/\/lachaise.com.tn\/index.php?rest_route=\/wp\/v2\/product\/2622","targetHints":{"allow":["GET"]}}],"collection":[{"href":"https:\/\/lachaise.com.tn\/index.php?rest_route=\/wp\/v2\/product"}],"about":[{"href":"https:\/\/lachaise.com.tn\/index.php?rest_route=\/wp\/v2\/types\/product"}],"replies":[{"embeddable":true,"href":"https:\/\/lachaise.com.tn\/index.php?rest_route=%2Fwp%2Fv2%2Fcomments&post=2622"}],"version-history":[{"count":24,"href":"https:\/\/lachaise.com.tn\/index.php?rest_route=\/wp\/v2\/product\/2622\/revisions"}],"predecessor-version":[{"id":4213,"href":"https:\/\/lachaise.com.tn\/index.php?rest_route=\/wp\/v2\/product\/2622\/revisions\/4213"}],"wp:featuredmedia":[{"embeddable":true,"href":"https:\/\/lachaise.com.tn\/index.php?rest_route=\/wp\/v2\/media\/3096"}],"wp:attachment":[{"href":"https:\/\/lachaise.com.tn\/index.php?rest_route=%2Fwp%2Fv2%2Fmedia&parent=2622"}],"wp:term":[{"taxonomy":"product_brand","embeddable":true,"href":"https:\/\/lachaise.com.tn\/index.php?rest_route=%2Fwp%2Fv2%2Fproduct_brand&post=2622"},{"taxonomy":"product_cat","embeddable":true,"href":"https:\/\/lachaise.com.tn\/index.php?rest_route=%2Fwp%2Fv2%2Fproduct_cat&post=2622"},{"taxonomy":"product_tag","embeddable":true,"href":"https:\/\/lachaise.com.tn\/index.php?rest_route=%2Fwp%2Fv2%2Fproduct_tag&post=2622"}],"curies":[{"name":"wp","href":"https:\/\/api.w.org\/{rel}","templated":true}]}}