{"id":2095,"date":"2021-03-18T00:05:42","date_gmt":"2021-03-17T23:05:42","guid":{"rendered":"https:\/\/lachaise.com.tn\/?post_type=product&#038;p=2095"},"modified":"2026-04-17T04:41:40","modified_gmt":"2026-04-17T03:41:40","slug":"atlanta-grand-modele","status":"publish","type":"product","link":"https:\/\/lachaise.com.tn\/?product=atlanta-grand-modele","title":{"rendered":"Atlanta Bleu"},"content":{"rendered":"<p>Fauteuil agent mod\u00e8le<strong> ATLANTA<\/strong>\u00a0tournant, roulant avec accoudoirs et r\u00e9glable en hauteur<\/p>\n<p>&nbsp;<\/p>\n<ul>\n<li aria-level=\"1\"><b>Couleurs standard : <\/b><span style=\"font-weight: 400;\">Noir, Rouge, Bleu et Orang\u00e9\u00a0<\/span><\/li>\n<\/ul>\n<ul>\n<li aria-level=\"1\"><b>Structure : <\/b><span style=\"font-weight: 400;\">En bloc PVC blanc et bois contre plaqu\u00e9.<\/span><\/li>\n<\/ul>\n<ul>\n<li aria-level=\"1\"><b>Accoudoirs : <\/b><span style=\"font-weight: 400;\">fixe en PVC Noir<\/span><\/li>\n<\/ul>\n<ul>\n<li aria-level=\"1\"><b>Rev\u00eatement : <\/b><span style=\"font-weight: 400;\">textile en filet mesh polyester perfor\u00e9.<\/span><\/li>\n<\/ul>\n<ul>\n<li aria-level=\"1\"><b>Garnissage assise &amp; dossier : <\/b><span style=\"font-weight: 400;\">mousse polyur\u00e9thane (densit\u00e9 15kg\/m3).<\/span><\/li>\n<\/ul>\n<ul>\n<li aria-level=\"1\"><b>Pi\u00e8tement (base): <\/b><span style=\"font-weight: 400;\">m\u00e9tal, finition chrom\u00e9e ou PVC nylon selon choix<\/span><\/li>\n<\/ul>\n<ul>\n<li aria-level=\"1\"><b>M\u00e9canisme : <\/b>Platine fixe,<span style=\"font-weight: 400;\">\u00a0basculant centr\u00e9 simple ou \u00e0 double commande blocable en plusieurs positions selon choix.<\/span><\/li>\n<\/ul>\n<ul>\n<li aria-level=\"1\"><b>V\u00e9rin \u00e0 gaz :<\/b><span style=\"font-weight: 400;\">\u00a023cm(293-418mm) \/\u00a0 18cm (243-386mm) noir avec cache v\u00e9rin PVC t\u00e9lescopique ou chrom\u00e9e selon choix.<\/span><\/li>\n<\/ul>\n<ul>\n<li aria-level=\"1\"><b>Poids max : <\/b><span style=\"font-weight: 400;\">90kg<\/span><\/li>\n<\/ul>\n<ul>\n<li aria-level=\"1\"><b>Hauteur : <\/b><span style=\"font-weight: 400;\">100 cm \u00e0 115 cm<\/span><\/li>\n<\/ul>\n<ul>\n<li aria-level=\"1\"><b>Dimension assise : <\/b>50&#215;46,5cm<\/li>\n<\/ul>\n<ul>\n<li aria-level=\"1\"><b>Dimension dossier : <\/b>64,5x45cm<\/li>\n<\/ul>\n<p><a href=\"https:\/\/lachaise.com.tn\/wp-content\/uploads\/2021\/03\/Atlanta-GM.png\"><img fetchpriority=\"high\" decoding=\"async\" class=\"alignnone size-large wp-image-4190\" src=\"https:\/\/lachaise.com.tn\/wp-content\/uploads\/2021\/03\/Atlanta-GM-576x1024.png\" alt=\"\" width=\"576\" height=\"1024\" srcset=\"https:\/\/lachaise.com.tn\/wp-content\/uploads\/2021\/03\/Atlanta-GM-576x1024.png 576w, https:\/\/lachaise.com.tn\/wp-content\/uploads\/2021\/03\/Atlanta-GM-169x300.png 169w, https:\/\/lachaise.com.tn\/wp-content\/uploads\/2021\/03\/Atlanta-GM-768x1366.png 768w, https:\/\/lachaise.com.tn\/wp-content\/uploads\/2021\/03\/Atlanta-GM-864x1536.png 864w, https:\/\/lachaise.com.tn\/wp-content\/uploads\/2021\/03\/Atlanta-GM-600x1067.png 600w, https:\/\/lachaise.com.tn\/wp-content\/uploads\/2021\/03\/Atlanta-GM.png 1006w\" sizes=\"(max-width: 576px) 100vw, 576px\" \/><\/a><\/p>\n<h1><span style=\"color: #ff0000;\"><b>Pi\u00e8ces de rechanges :<\/b><\/span><\/h1>\n<p><b>\u00a0 <a href=\"https:\/\/lachaise.com.tn\/?product=verin-a-gaz-chaise\"><img decoding=\"async\" class=\"alignnone wp-image-2403 size-thumbnail\" src=\"https:\/\/lachaise.com.tn\/wp-content\/uploads\/2021\/03\/Heavy-11-Pneumatic-Rod-Gas-Lift-Cylinder-Chair-Replacement-Accessories-Pneumatic-Parts-For-Office-Bar-Computer.jpg_q50-150x150.jpg\" alt=\"\" width=\"150\" height=\"150\" srcset=\"https:\/\/lachaise.com.tn\/wp-content\/uploads\/2021\/03\/Heavy-11-Pneumatic-Rod-Gas-Lift-Cylinder-Chair-Replacement-Accessories-Pneumatic-Parts-For-Office-Bar-Computer.jpg_q50-150x150.jpg 150w, https:\/\/lachaise.com.tn\/wp-content\/uploads\/2021\/03\/Heavy-11-Pneumatic-Rod-Gas-Lift-Cylinder-Chair-Replacement-Accessories-Pneumatic-Parts-For-Office-Bar-Computer.jpg_q50-300x300.jpg 300w, https:\/\/lachaise.com.tn\/wp-content\/uploads\/2021\/03\/Heavy-11-Pneumatic-Rod-Gas-Lift-Cylinder-Chair-Replacement-Accessories-Pneumatic-Parts-For-Office-Bar-Computer.jpg_q50-768x768.jpg 768w, https:\/\/lachaise.com.tn\/wp-content\/uploads\/2021\/03\/Heavy-11-Pneumatic-Rod-Gas-Lift-Cylinder-Chair-Replacement-Accessories-Pneumatic-Parts-For-Office-Bar-Computer.jpg_q50-600x600.jpg 600w, https:\/\/lachaise.com.tn\/wp-content\/uploads\/2021\/03\/Heavy-11-Pneumatic-Rod-Gas-Lift-Cylinder-Chair-Replacement-Accessories-Pneumatic-Parts-For-Office-Bar-Computer.jpg_q50-100x100.jpg 100w, https:\/\/lachaise.com.tn\/wp-content\/uploads\/2021\/03\/Heavy-11-Pneumatic-Rod-Gas-Lift-Cylinder-Chair-Replacement-Accessories-Pneumatic-Parts-For-Office-Bar-Computer.jpg_q50.jpg 1000w\" sizes=\"(max-width: 150px) 100vw, 150px\" \/><\/a><a href=\"https:\/\/lachaise.com.tn\/?product=mecanisme-basculant-simple-commande\"><img decoding=\"async\" class=\"alignnone wp-image-2456 size-thumbnail\" src=\"https:\/\/lachaise.com.tn\/wp-content\/uploads\/2021\/03\/LaChaise.com_.tn-Mecanisme-Basculant-Simple-150x150.jpg\" alt=\"\" width=\"150\" height=\"150\" srcset=\"https:\/\/lachaise.com.tn\/wp-content\/uploads\/2021\/03\/LaChaise.com_.tn-Mecanisme-Basculant-Simple-150x150.jpg 150w, https:\/\/lachaise.com.tn\/wp-content\/uploads\/2021\/03\/LaChaise.com_.tn-Mecanisme-Basculant-Simple-300x300.jpg 300w, https:\/\/lachaise.com.tn\/wp-content\/uploads\/2021\/03\/LaChaise.com_.tn-Mecanisme-Basculant-Simple-100x100.jpg 100w, https:\/\/lachaise.com.tn\/wp-content\/uploads\/2021\/03\/LaChaise.com_.tn-Mecanisme-Basculant-Simple.jpg 450w\" sizes=\"(max-width: 150px) 100vw, 150px\" \/><\/a><a href=\"https:\/\/lachaise.com.tn\/?product=base-chaise\"><img loading=\"lazy\" decoding=\"async\" class=\"alignnone wp-image-2600 size-thumbnail\" src=\"https:\/\/lachaise.com.tn\/wp-content\/uploads\/2021\/03\/base-noir-Fauteuil-150x150.png\" alt=\"\" width=\"150\" height=\"150\" srcset=\"https:\/\/lachaise.com.tn\/wp-content\/uploads\/2021\/03\/base-noir-Fauteuil-150x150.png 150w, https:\/\/lachaise.com.tn\/wp-content\/uploads\/2021\/03\/base-noir-Fauteuil-300x300.png 300w, https:\/\/lachaise.com.tn\/wp-content\/uploads\/2021\/03\/base-noir-Fauteuil-600x600.png 600w, https:\/\/lachaise.com.tn\/wp-content\/uploads\/2021\/03\/base-noir-Fauteuil-100x100.png 100w, https:\/\/lachaise.com.tn\/wp-content\/uploads\/2021\/03\/base-noir-Fauteuil-64x64.png 64w, https:\/\/lachaise.com.tn\/wp-content\/uploads\/2021\/03\/base-noir-Fauteuil.png 735w\" sizes=\"(max-width: 150px) 100vw, 150px\" \/><\/a><a href=\"https:\/\/lachaise.com.tn\/?product=pack-5-roulettes\"><img loading=\"lazy\" decoding=\"async\" class=\"alignnone wp-image-2943 size-thumbnail\" src=\"https:\/\/lachaise.com.tn\/wp-content\/uploads\/2021\/03\/LaChaise.com_.tn-Pack-5-Roulettes-150x150.jpg\" alt=\"\" width=\"150\" height=\"150\" srcset=\"https:\/\/lachaise.com.tn\/wp-content\/uploads\/2021\/03\/LaChaise.com_.tn-Pack-5-Roulettes-150x150.jpg 150w, https:\/\/lachaise.com.tn\/wp-content\/uploads\/2021\/03\/LaChaise.com_.tn-Pack-5-Roulettes-300x300.jpg 300w, https:\/\/lachaise.com.tn\/wp-content\/uploads\/2021\/03\/LaChaise.com_.tn-Pack-5-Roulettes-100x100.jpg 100w\" sizes=\"(max-width: 150px) 100vw, 150px\" \/><\/a><\/b><\/p>\n","protected":false},"excerpt":{"rendered":"<p>&nbsp;<\/p>\n<p>Fauteuil agent mod\u00e8le<strong> ATLANTA\u00a0 Grand mod\u00e8le<\/strong> tournant, roulant avec accoudoirs et r\u00e9glable en hauteur<\/p>\n","protected":false},"featured_media":3191,"comment_status":"open","ping_status":"closed","template":"","meta":[],"product_brand":[],"product_cat":[94],"product_tag":[130,143,131],"class_list":{"0":"post-2095","1":"product","2":"type-product","3":"status-publish","4":"has-post-thumbnail","6":"product_cat-chaises-operateur","7":"product_tag-accoudoirs","8":"product_tag-mecanisme-basculant","9":"product_tag-mesh","10":"pa_base-base-acier-chromee","11":"pa_base-base-pvc-noir","13":"first","14":"instock","15":"taxable","16":"shipping-taxable","17":"purchasable","18":"product-type-variable","19":"has-default-attributes"},"wooqr_code":"1616019487_2095.png","jetpack_sharing_enabled":true,"_links":{"self":[{"href":"https:\/\/lachaise.com.tn\/index.php?rest_route=\/wp\/v2\/product\/2095","targetHints":{"allow":["GET"]}}],"collection":[{"href":"https:\/\/lachaise.com.tn\/index.php?rest_route=\/wp\/v2\/product"}],"about":[{"href":"https:\/\/lachaise.com.tn\/index.php?rest_route=\/wp\/v2\/types\/product"}],"replies":[{"embeddable":true,"href":"https:\/\/lachaise.com.tn\/index.php?rest_route=%2Fwp%2Fv2%2Fcomments&post=2095"}],"version-history":[{"count":7,"href":"https:\/\/lachaise.com.tn\/index.php?rest_route=\/wp\/v2\/product\/2095\/revisions"}],"predecessor-version":[{"id":4469,"href":"https:\/\/lachaise.com.tn\/index.php?rest_route=\/wp\/v2\/product\/2095\/revisions\/4469"}],"wp:featuredmedia":[{"embeddable":true,"href":"https:\/\/lachaise.com.tn\/index.php?rest_route=\/wp\/v2\/media\/3191"}],"wp:attachment":[{"href":"https:\/\/lachaise.com.tn\/index.php?rest_route=%2Fwp%2Fv2%2Fmedia&parent=2095"}],"wp:term":[{"taxonomy":"product_brand","embeddable":true,"href":"https:\/\/lachaise.com.tn\/index.php?rest_route=%2Fwp%2Fv2%2Fproduct_brand&post=2095"},{"taxonomy":"product_cat","embeddable":true,"href":"https:\/\/lachaise.com.tn\/index.php?rest_route=%2Fwp%2Fv2%2Fproduct_cat&post=2095"},{"taxonomy":"product_tag","embeddable":true,"href":"https:\/\/lachaise.com.tn\/index.php?rest_route=%2Fwp%2Fv2%2Fproduct_tag&post=2095"}],"curies":[{"name":"wp","href":"https:\/\/api.w.org\/{rel}","templated":true}]}}